{"id":465,"date":"2022-02-27T22:09:04","date_gmt":"2022-02-27T21:09:04","guid":{"rendered":"https:\/\/www.giteenbearn.com\/?page_id=465"},"modified":"2024-11-19T17:02:52","modified_gmt":"2024-11-19T16:02:52","slug":"conditions-generales-de-ventes","status":"publish","type":"page","link":"https:\/\/www.giteenbearn.com\/index.php\/conditions-generales-de-ventes\/","title":{"rendered":"Conditions g\u00e9n\u00e9rales de ventes"},"content":{"rendered":"<p>Conditions  G\u00e9n\u00e9rales de Vente  du  Meubl\u00e9 de Tourisme<br \/>\n Article 1<br \/>\nLes locaux objet du contrat sont exclusivement lou\u00e9s meubl\u00e9s \u00e0 titre saisonnier.<br \/>\nLe Bailleur d\u00e9clare \u00eatre propri\u00e9taire du logement et en avoir la libre disposition et la pleine jouissance<br \/>\nAdresse du logement: 90 chemin de Castelner 64300 LABEYRIE<br \/>\nMeubl\u00e9 de Tourisme class\u00e9 quatre \u00c9toiles depuis le 12 Juin 2021  N\u00b0 06404064-64295-21-0013<br \/>\nArticle 2<br \/>\nLe Bailleur loue au Preneur le logement pour une dur\u00e9e d\u00e9termin\u00e9e. La dur\u00e9e minimale du s\u00e9jour est de 2 nuit\u00e9es et ne pourra exc\u00e9der 28 jours. Le Preneur s&#8217;engage express\u00e9ment a avoir int\u00e9gralement lib\u00e9r\u00e9 le logement \u00e0 la date de fin stipul\u00e9e dans le contrat et a remettre au Bailleur les clefs. Lors du d\u00e9but de la location, le Bailleur remettra au Preneur les clefs et les instructions relatives au logement.<br \/>\nArticle 3<br \/>\nLe contrat de location est conclu intuitu personae au profit du seul Preneur identifi\u00e9 en t\u00eate du contrat. Seul les personnes majeures sont habilit\u00e9es \u00e0 effectuer une r\u00e9servation. Le Preneur ne pourra laisser la disposition des lieux, m\u00eame gratuitement et\/ou par pr\u00eat, \u00e0 une personne \u00e9trang\u00e8re \u00e0 son foyer.Toute infraction \u00e0 cet alin\u00e9a serait susceptible d&#8217;entrainer la r\u00e9siliation imm\u00e9diate de la location aux torts du Preneur, le produit de la location restant d\u00e9finitivement acquis au Bailleur.<br \/>\nArticle 4<br \/>\nLes Parties conviendront d&#8217;un commun accord du prix du loyer , pour l&#8217;int\u00e9gralit\u00e9 de la dur\u00e9e de la location, en conformit\u00e9 avec la grille tarifaire pr\u00e9sent\u00e9e et actualis\u00e9e sur le site. Le loyer fix\u00e9 comprend, pour toute le dur\u00e9e de la location :Toutes les charges locatives. La Taxe de S\u00e9jour n&#8217;est pas comprise dans le prix du loyer. Celle-ci sera d\u00fb par le Preneur \u00e0 l&#8217;arriv\u00e9e dans les lieux.<br \/>\nArticle 5<br \/>\nAfin de proc\u00e9der \u00e0 la r\u00e9servation du logement, le Preneur devra verser le montant total du prix de la location. <\/p>\n<p>Article 6<br \/>\nLors de l&#8217;entr\u00e9e dans les lieux, le Preneur remettra au Bailleur une caution d&#8217;un montant de 500 Euros \u00e0 titre de d\u00e9p\u00f4t de garantie destin\u00e9e \u00e0 couvrir le dommages et\/ou d\u00e9gradations du logement et du mobilier et objets garnissant le logement caus\u00e9s par le Preneur ainsi que les pertes de clefs ou d&#8217;objets. Le d\u00e9p\u00f4ts de garantie pourra \u00eatre constitu\u00e9 par la remise d&#8217;esp\u00e8ces que ce dernier restituera sous r\u00e9serve d&#8217;inventaire et d&#8217;\u00e9tat des lieux et de propret\u00e9 conforme lors de la restitution des clefs, d\u00e9duction faite du co\u00fbt de remise en \u00e9tat des lieux si des d\u00e9gradations \u00e9taient constat\u00e9es.<br \/>\nArticle 7<br \/>\nUn \u00e9tat des lieux comprenant l&#8217;\u00e9tat de propret\u00e9 de la location ainsi qu&#8217;un inventaire du mobilier et accessoire mis \u00e0 disposition du Preneur sont remis au Preneur lors de l&#8217;entr\u00e9e dans le logement.<br \/>\nUn \u00e9tat des lieux et un inventaire seront \u00e9tablis et sign\u00e9s par les Parties \u00e0 la fin de la location.<br \/>\nArticle 8<br \/>\nObligations du Preneur : Le Preneur usera paisiblement du logement lou\u00e9 et du mobilier et \u00e9quipements suivant la destination qui leur a \u00e9t\u00e9 donn\u00e9e par le bail et r\u00e9pondra des d\u00e9gradations et pertes qui pourraient subvenir pendant la dur\u00e9e du contrat dans les locaux dont il a la jouissance exclusive.<br \/>\nLe Preneur entretiendra le logement lou\u00e9 et le rendra en bon \u00e9tat de propret\u00e9. \u00c0 d\u00e9faut le Preneur s&#8217;engage \u00e0 prendre \u00e0 ses frais un forfait nettoyage de 70 Euros. Si des objets figurant \u00e0 l&#8217;inventaire sont bris\u00e9s ou d\u00e9t\u00e9rior\u00e9s, le Bailleur pourra r\u00e9clamer leur valeur de remplacement.<br \/>\nIl devra \u00e9viter toute nuisance sonore de nature \u00e0 incommoder le voisinage.<br \/>\nLe Preneur ne pourra exercer aucun recours contre le Bailleur en cas de vol et d\u00e9pr\u00e9dations dans les lieux lou\u00e9s.<br \/>\nLe Preneur ne pourra s&#8217;opposer \u00e0 la visite des locaux si le Bailleur en fait la demande.<br \/>\nArticle 9<br \/>\nPour les r\u00e9servations effectu\u00e9es  par internet, le locataire ne b\u00e9n\u00e9ficie pas du d\u00e9lai de r\u00e9tractation, et ce conform\u00e9ment \u00e0 l&#8217;article L 121-21-8 du code de la consommation relatif notamment aux prestations de service d&#8217;h\u00e9bergement fournies \u00e0 une date ou selon une p\u00e9riodicit\u00e9 d\u00e9termin\u00e9e.<br \/>\nLes r\u00e9servations sont NON REMBOURSABLES.<br \/>\nSi le s\u00e9jour est \u00e9court\u00e9, le prix de la location reste acquis au Bailleur. Il ne sera proc\u00e9d\u00e9 \u00e0 aucun remboursement.<br \/>\nArticle 10<br \/>\nAnnulation par le Bailleur: Le Bailleur reverse au Preneur l&#8217;int\u00e9gralit\u00e9 des sommes vers\u00e9es.<br \/>\nArticle 11<br \/>\nLe Preneur est responsable de tous les dommages survenant de son fait. Le Preneur est tenu de contracter une assurance multirisque afin de se pr\u00e9munir contre les risques locatifs lors de sa r\u00e9servation aupr\u00e8s de sa compagnie.  Une copie de la police d&#8217;assurance pourra \u00eatre demand\u00e9e par le Bailleur au Preneur lors de son entr\u00e9e dans les lieux.<br \/>\nArticle 12<br \/>\nLe pr\u00e9sent contrat est \u00e9tabli pour une capacit\u00e9 de 9 personnes adultes.<br \/>\nIl est convenu entre les parties que les animaux ne sont pas accept\u00e9s dans la location. Il est aussi rappel\u00e9 qu&#8217;il est interdit de fumer dans le Meubl\u00e9 de Tourisme et aux abords de la piscine.<br \/>\nArticle 13<br \/>\nEn cas de manquement par le Preneur \u00e0 l&#8217;une des obligations contractuelles, le pr\u00e9sent bail sera r\u00e9sili\u00e9 de plein droit. Cette r\u00e9siliation prendra effet apr\u00e8s un d\u00e9lais de 48heures apr\u00e8s une simple sommation ou lettre remise en main propre.<br \/>\nArticle 14<br \/>\nPour l&#8217;ex\u00e9cution des pr\u00e9sentes, le Bailleur et le Preneur font \u00e9lection de domicile dans leurs domiciles respectifs. Toutefois en cas de litige, le tribunal du domicile du Bailleur sera seul comp\u00e9tent.<br \/>\nArticle 15<br \/>\nLe preneur est dans l&#8217;obligation de respecter les horaires fix\u00e9es ci-dessous :<br \/>\nHeures d&#8217;arriv\u00e9e\/D\u00e9part :<br \/>\nArriv\u00e9e: \u00e0 partir de 18h00 jusqu&#8217;\u00e0 20h00<br \/>\nD\u00e9part: \u00e0 partir de 09h00 jusqu&#8217;\u00e0 10h00<br \/>\nArticle 16<br \/>\nConsommation electrique :<br \/>\n8 kwh\/jour sont inclus dans le prix de la location.<br \/>\nAu-del\u00e0 de cette consommation, le suppl\u00e9ment sera \u00e0 r\u00e9gler au propri\u00e9taire \u00e0 votre d\u00e9part tarif fournisseur d&#8217;\u00e9nergie (EDF).<br \/>\n-0,27 \u20ac\/kWh en heures pleines<br \/>\n-0,21 \u20ac\/kWh en heures creuses.<br \/>\nUn relev\u00e9 du compteur \u00e9lectrique sera r\u00e9alis\u00e9 en votre pr\u00e9sence \u00e0 votre arriv\u00e9e, ainsi que le jour de votre d\u00e9part.<\/p>\n","protected":false},"excerpt":{"rendered":"<p>Conditions G\u00e9n\u00e9rales de Vente du Meubl\u00e9 de Tourisme Article 1 Les locaux objet du contrat sont exclusivement lou\u00e9s meubl\u00e9s \u00e0 titre saisonnier. Le Bailleur d\u00e9clare \u00eatre propri\u00e9taire du logement et en avoir la libre disposition et la pleine jouissance Adresse du logement: 90 chemin de Castelner 64300 LABEYRIE Meubl\u00e9 de Tourisme class\u00e9 quatre \u00c9toiles depuis [&hellip;]<\/p>\n","protected":false},"author":1,"featured_media":0,"parent":0,"menu_order":0,"comment_status":"closed","ping_status":"closed","template":"","meta":{"footnotes":""},"class_list":["post-465","page","type-page","status-publish","hentry"],"_links":{"self":[{"href":"https:\/\/www.giteenbearn.com\/index.php\/wp-json\/wp\/v2\/pages\/465","targetHints":{"allow":["GET"]}}],"collection":[{"href":"https:\/\/www.giteenbearn.com\/index.php\/wp-json\/wp\/v2\/pages"}],"about":[{"href":"https:\/\/www.giteenbearn.com\/index.php\/wp-json\/wp\/v2\/types\/page"}],"author":[{"embeddable":true,"href":"https:\/\/www.giteenbearn.com\/index.php\/wp-json\/wp\/v2\/users\/1"}],"replies":[{"embeddable":true,"href":"https:\/\/www.giteenbearn.com\/index.php\/wp-json\/wp\/v2\/comments?post=465"}],"version-history":[{"count":5,"href":"https:\/\/www.giteenbearn.com\/index.php\/wp-json\/wp\/v2\/pages\/465\/revisions"}],"predecessor-version":[{"id":485,"href":"https:\/\/www.giteenbearn.com\/index.php\/wp-json\/wp\/v2\/pages\/465\/revisions\/485"}],"wp:attachment":[{"href":"https:\/\/www.giteenbearn.com\/index.php\/wp-json\/wp\/v2\/media?parent=465"}],"curies":[{"name":"wp","href":"https:\/\/api.w.org\/{rel}","templated":true}]}}